{"id":3122,"date":"2021-08-16T14:31:04","date_gmt":"2021-08-16T14:31:04","guid":{"rendered":"https:\/\/laptariacucaimac.ro\/?page_id=3122"},"modified":"2021-08-16T14:45:21","modified_gmt":"2021-08-16T14:45:21","slug":"terms-and-conditions","status":"publish","type":"page","link":"https:\/\/laptariacucaimac.ro\/en\/terms-and-conditions\/","title":{"rendered":"Terms and Conditions"},"content":{"rendered":"\n<p class=\"has-text-align-center\"><br>Website Terms of Use<\/p>\n\n\n\n<p class=\"has-text-align-center\">Welcome!<\/p>\n\n\n\n<p>The following Terms of Use and our Privacy Policy on www.laptariacucaimac.ro describe the terms and conditions under which L\u0103pt\u0103ria&nbsp;cu Caimac \u2013 Agroserv M\u0103riu\u021ba SRL provides access to its websites.<\/p>\n\n\n\n<p>Before accessing and using this website, please read these Terms carefully as they represent an agreement between you and L\u0103pt\u0103ria&nbsp;cu Caimac \u2013 Agroserv M\u0103riu\u021ba SRL and by using the website you agree to these terms and conditions and you represent that you have the legal capacity to do this.<\/p>\n\n\n\n<p><strong>IMPORTANT NOTE:&nbsp;<\/strong>These Terms contain provisions limiting our responsibility to you and requiring you to resolve any dispute with us through final and binding arbitration individually and not as part of a collective or representative action. Please refer to \u201cDISCLAIMER OF WARRANTY AND LIMITATION OF LIABILITY\u201d (Section [8]) and \u201cDISPUTE SETTLEMENT\u201d (Section [10]) below for further information.<\/p>\n\n\n\n<p><strong>IF YOU DO NOT AGREE TO ANY PART OF THESE TERMS, PLEASE DO NOT USE THIS WEBSITE.<\/strong><\/p>\n\n\n\n<p><strong>1. AMENDMENT OF THESE TERMS<\/strong><\/p>\n\n\n\n<p>The date of entry into force of these Terms is indicated at the top of this webpage. We do not intend to modify these terms very often, however we reserve the right to do so. We will notify you of any substantive changes by posting a notification on this webpage. When possible, we will notify you in advance of the changes. We do not make changes with retroactive effect, unless this is required by law. The continued use of the L\u0103pt\u0103ria&nbsp;cu Caimac \u2013 Agroserv M\u0103riu\u021ba SRL after the effective date is your acceptance of the Amended Terms. The amended terms shall prevail over all previous versions of the Terms. For this reason, we encourage you to review these Terms whenever you access or use the L\u0103pt\u0103ria&nbsp;cu Caimac \u2013 Agroserv M\u0103riu\u021ba SRL websites and print a copy of these Terms for your record.<\/p>\n\n\n\n<p><strong>2. ADDITIONAL TERMS<\/strong><\/p>\n\n\n\n<p>Certain services provided by or through the L\u0103pt\u0103ria&nbsp;cu Caimac \u2013 Agroserv M\u0103riu\u021ba SRL websites, such as mobile apps, promotional lotteries, offers, contests and other services, may be governed by additional terms and conditions associated thereto. You must agree with the additional terms before using such services. These Terms and any additional terms shall apply equally. If any additional terms are irrevocably incompatible with any provision in these Terms, the additional terms shall prevail.<\/p>\n\n\n\n<p><strong>3. CONTENT<\/strong><\/p>\n\n\n\n<p>L\u0103pt\u0103ria&nbsp;cu Caimac \u2013 Agroserv M\u0103riu\u021ba SRL retains full ownership of the information and materials provided on, through or sent to the L\u0103pt\u0103ria&nbsp;cu Caimac \u2013 Agroserv M\u0103riu\u021ba SRL, including illustrations, graphics, text, audio and video clips, trademarks, logos and other content (collectively, the \u201cContent\u201d).<\/p>\n\n\n\n<p>If you agree to these Terms (as well as any additional terms and conditions regarding L\u0103pt\u0103ria&nbsp;cu Caimac \u2013 Agroserv M\u0103riu\u021ba SRL content), then you can download, print and\/or copy L\u0103pt\u0103ria&nbsp;cu Caimac \u2013 Agroserv M\u0103riu\u021ba SRL content for your personal use only.<\/p>\n\n\n\n<p>Except when you have obtained a written permission to do so from L\u0103pt\u0103ria&nbsp;cu Caimac \u2013 Agroserv M\u0103riu\u021ba SRL, you are not authorized to:<\/p>\n\n\n\n<ul class=\"wp-block-list\"><li>Integrate L\u0103pt\u0103ria&nbsp;cu Caimac \u2013 Agroserv M\u0103riu\u021ba SRL content into any other work (such as your own website) or use L\u0103pt\u0103ria&nbsp;cu Caimac \u2013 Agroserv M\u0103riu\u021ba SRL content for public or commercial purposes;<\/li><li>Copy, modify, reproduce, adapt, reverse engineer, distribute, replicate, republish, upload, post, transmit, transfer, license or sell L\u0103pt\u0103ria&nbsp;cu Caimac \u2013 Agroserv M\u0103riu\u021ba SRL content in any form or using any means;<\/li><li>Change any copyright, trademark or other intellectual property notice which may be part of L\u0103pt\u0103ria&nbsp;cu Caimac \u2013 Agroserv M\u0103riu\u021ba SRL content; or<\/li><li>\u201cCreate links to secondary pages\u201d for any of the L\u0103pt\u0103ria&nbsp;cu Caimac \u2013 Agroserv M\u0103riu\u021ba SRL websites (i.e. a link to any page other than the homepage of one of L\u0103pt\u0103ria&nbsp;cu Caimac \u2013 Agroserv M\u0103riu\u021ba SRL websites).<\/li><\/ul>\n\n\n\n<p><strong>4. YOUR APPLICATIONS<\/strong><\/p>\n\n\n\n<p>In addition to applying for a job, L\u0103pt\u0103ria&nbsp;cu Caimac \u2013 Agroserv M\u0103riu\u021ba SRL may, from time to time, provide domains where you and other users may post or submit information, photos, graphics, creative suggestions, ideas, notes, concepts, information, reviews or other materials on or to L\u0103pt\u0103ria&nbsp;cu Caimac \u2013 Agroserv M\u0103riu\u021ba SRL websites (hereinafter referred to as the \u201cApplications\u201d). By sending, posting or submitting your applications to L\u0103pt\u0103ria&nbsp;cu Caimac \u2013 Agroserv M\u0103riu\u021ba SRL (and\/or our agents) or to any domain of L\u0103pt\u0103ria&nbsp;cu Caimac \u2013 Agroserv M\u0103riu\u021ba SRL websites, you grant L\u0103pt\u0103ria&nbsp;cu Caimac \u2013 Agroserv M\u0103riu\u021ba SRL and our agents an international, non-exclusive, transferable, royalty-free, perpetual and irrevocable right to utilise, reproduce, grant multi-level sublicenses, distribute, create derivative works, use and import your applications on any media currently known or to be developed subsequently, for any purpose, commercially or otherwise, without any indemnification to you. In other words, L\u0103pt\u0103ria&nbsp;cu Caimac \u2013 Agroserv M\u0103riu\u021ba SRL is automatically entitled to use your applications \u2013 including by reproducing, disclosing, publishing or broadcasting your applications \u2013 anywhere, at any time, by any information means and for any purposes. You are in no way entitled to financial indemnification if L\u0103pt\u0103ria&nbsp;cu Caimac \u2013 Agroserv M\u0103riu\u021ba SRL uses one of your applications. All applications are deemed non-confidential and non-proprietary.<\/p>\n\n\n\n<p>You are responsible for your own applications. By posting your application, you declare and warrant that:<\/p>\n\n\n\n<ul class=\"wp-block-list\"><li>You own or control all rights in the application, including, without limitation, all respective copyrights and trademarks;<\/li><li>Your application is correct and real;<\/li><li>Your application does not violate the rights of any other person or entity, such as the right to privacy and publicity; and<\/li><li>Your application complies with all applicable laws, rules and regulations.<\/li><\/ul>\n\n\n\n<p>You acknowledge and agree that L\u0103pt\u0103ria&nbsp;cu Caimac \u2013 Agroserv M\u0103riu\u021ba SRL has the right (but not the obligation) to modify, remove, refuse to post or allow the posting of your application. L\u0103pt\u0103ria&nbsp;cu Caimac \u2013 Agroserv M\u0103riu\u021ba SRL assumes no responsibility and has no obligation for any application posted by you or any third party.<\/p>\n\n\n\n<p>L\u0103pt\u0103ria&nbsp;cu Caimac \u2013 Agroserv M\u0103riu\u021ba SRL advises you not to disclose any personal information in your application because this information can be seen and used by others. L\u0103pt\u0103ria&nbsp;cu Caimac \u2013 Agroserv M\u0103riu\u021ba SRL is not responsible for the information you choose to submit through the applications.<\/p>\n\n\n\n<p><strong>5. USE OF THE WEBSITES<\/strong><\/p>\n\n\n\n<p>IN ORDER TO USE L\u0103pt\u0103ria&nbsp;cu Caimac \u2013 Agroserv M\u0103riu\u021ba SRL WEBSITES YOU SHOULD BE AT LEAST THIRTEEN (13) YEARS OF AGE. By accessing, using and\/or submitting information to or through L\u0103pt\u0103ria&nbsp;cu Caimac \u2013 Agroserv M\u0103riu\u021ba SRL websites, you declare you are at least 13 years of age.<\/p>\n\n\n\n<p>IF YOU ARE OLDER THAN THIRTEEN (13) YEARS OF AGE AND ARE NOT OF LEGAL AGE AT YOUR PLACE OF RESIDENCE, YOU MAY USE THE WEBSITES UNDER PARENT SUPERVISION OR UNDER THE SUPERVISION OF YOUR LEGAL GUARDIAN.<\/p>\n\n\n\n<p>IF YOUR ARE A PARENT OR LEGAL GUARDIAN AND YOU AGREE TO YOUR MINOR CHILD ACCESSING AND USING THE WEBSITES, YOU AGREE TO COMPLY WITH THESE TERMS ON YOUR BEHALF AND ON BEHALF OF YOUR MINOR CHILD. We advise you to review commercially available parental control options (hardware, software or filtering devices) which may assist you in limiting access to materials deemed harmful for minors.<\/p>\n\n\n\n<p>During your use of L\u0103pt\u0103ria&nbsp;cu Caimac \u2013 Agroserv M\u0103riu\u021ba SRL websites, you shall not:<\/p>\n\n\n\n<ul class=\"wp-block-list\"><li>Create a false identity or impersonate official capacities, including by erroneously indicating you are an official or L\u0103pt\u0103ria&nbsp;cu Caimac \u2013 Agroserv M\u0103riu\u021ba SRL representative, a celebrity or public figure;<\/li><li>Send, to or through L\u0103pt\u0103ria&nbsp;cu Caimac \u2013 Agroserv M\u0103riu\u021ba SRL websites, any publicity, request, unwanted correspondence or other unsolicited or unauthorized commercial or promotional content (except when you have an express written permission to do so by L\u0103pt\u0103ria&nbsp;cu Caimac \u2013 Agroserv M\u0103riu\u021ba SRL);<\/li><li>Interrupt or attempt to interrupt the proper functioning of L\u0103pt\u0103ria&nbsp;cu Caimac \u2013 Agroserv M\u0103riu\u021ba SRL websites (e.g. by illegally accessing L\u0103pt\u0103ria&nbsp;cu Caimac \u2013 Agroserv M\u0103riu\u021ba SRL servers or L\u0103pt\u0103ria&nbsp;cu Caimac \u2013 Agroserv M\u0103riu\u021ba SRL accounts on social media);<\/li><li>Restrict or prevent another person from using or receiving services offered by L\u0103pt\u0103ria&nbsp;cu Caimac \u2013 Agroserv M\u0103riu\u021ba SRL websites;<\/li><li>Use a spam, network or other bot, scraper or other automated means to access L\u0103pt\u0103ria&nbsp;cu Caimac \u2013 Agroserv M\u0103riu\u021ba SRL websites or send any virus, worm, trojan or other malware to or through L\u0103pt\u0103ria&nbsp;cu Caimac \u2013 Agroserv M\u0103riu\u021ba SRL websites;<\/li><li>Modify, adapt, sublicense, translate, sell, reverse engineer, decompile or disassemble any part of L\u0103pt\u0103ria&nbsp;cu Caimac \u2013 Agroserv M\u0103riu\u021ba SRL websites;<\/li><li>\u201cReplicate\u201d or \u201cmirror\u201d any part of any L\u0103pt\u0103ria&nbsp;cu Caimac \u2013 Agroserv M\u0103riu\u021ba SRL websites, except when you have a prior written permission to do so by L\u0103pt\u0103ria&nbsp;cu Caimac \u2013 Agroserv M\u0103riu\u021ba SRL;<\/li><li>Publish or submit any material or involve in other misleading, deceptive, illegal, offensive, destructive, harmful or otherwise inappropriate behaviour or activity (as established by L\u0103pt\u0103ria&nbsp;cu Caimac \u2013 Agroserv M\u0103riu\u021ba SRL); or<\/li><li>Assist any person to involve in any of the activities described above.<\/li><\/ul>\n\n\n\n<p>L\u0103pt\u0103ria&nbsp;cu Caimac \u2013 Agroserv M\u0103riu\u021ba SRL may, at its own discretion, interrupt your access to its websites, without prior notice, for any violation of the above rules.<\/p>\n\n\n\n<p>If you access and use L\u0103pt\u0103ria&nbsp;cu Caimac \u2013 Agroserv M\u0103riu\u021ba SRL websites on your smartphone, tablet or other mobile device, you have to have access to Wi-Fi or other mobile data eligible supplier. Certain services may require the ability to send text (SMS or MMS) messages. You agree that you are solely responsible for all text and mobile data costs incurred as a result of using mobile services. Such costs may include standard and premium SMS costs and may be one-time or recurring costs. All costs are charged by and paid to your mobile service provider. Please contact your mobile service provider for details of pricing plans. L\u0103pt\u0103ria&nbsp;cu Caimac \u2013 Agroserv M\u0103riu\u021ba SRL is not responsible for any delay in receiving text messages since the delivery is subject to effective transmission by your mobile service provider.<\/p>\n\n\n\n<p><strong>6. THIRD-PARTY WEBSITES<\/strong><\/p>\n\n\n\n<p>The website may link to third-party websites and services, including social media (collectively, \u201cThird-Party Websites\u201d). Third-Party Websites are not controlled by L\u0103pt\u0103ria&nbsp;cu Caimac \u2013 Agroserv M\u0103riu\u021ba SRL, and L\u0103pt\u0103ria&nbsp;cu Caimac \u2013 Agroserv M\u0103riu\u021ba SRL is not responsible for such Third-Party Websites or for any information or material included therein, or any form of transmission received from any Third-Party Website. The inclusion of a link does not represent the approval by L\u0103pt\u0103ria&nbsp;cu Caimac \u2013 Agroserv M\u0103riu\u021ba SRL of the Third-Party Website or an association with its operators. L\u0103pt\u0103ria&nbsp;cu Caimac \u2013 Agroserv M\u0103riu\u021ba SRL does not investigate, check or monitor any Third-Party Websites. L\u0103pt\u0103ria&nbsp;cu Caimac \u2013 Agroserv M\u0103riu\u021ba SRL provides links to Third-Party Websites solely for your own convenience. Your accessing any Third-Party Websites is at your own risk.<\/p>\n\n\n\n<p><strong>7. PRIVACY\/SECURITY<\/strong><\/p>\n\n\n\n<p>Please read our&nbsp;<strong>Privacy Policy<\/strong>&nbsp;carefully to learn about the information that L\u0103pt\u0103ria&nbsp;cu Caimac \u2013 Agroserv M\u0103riu\u021ba SRL collects on its websites and how we process them.<\/p>\n\n\n\n<p>Without prejudice to the terms of our Privacy Policy, you understand that L\u0103pt\u0103ria&nbsp;cu Caimac \u2013 Agroserv M\u0103riu\u021ba SRL does not guarantee and cannot guarantee the confidentiality or security of the use of L\u0103pt\u0103ria&nbsp;cu Caimac \u2013 Agroserv M\u0103riu\u021ba SRL websites and\/or of the information provided by you through such websites. L\u0103pt\u0103ria&nbsp;cu Caimac \u2013 Agroserv M\u0103riu\u021ba SRL has no responsibility or obligation towards you regarding the lack of confidentiality or security that you may encounter. You are responsible for taking the most appropriate safety measures in your situation and for the use of L\u0103pt\u0103ria&nbsp;cu Caimac \u2013 Agroserv M\u0103riu\u021ba SRL websites. L\u0103pt\u0103ria&nbsp;cu Caimac \u2013 Agroserv M\u0103riu\u021ba SRL reserves the right to disclose information it considers necessary at any time in order to comply with the applicable laws, regulations, court orders or governmental requests.<\/p>\n\n\n\n<p><strong>8. DISCLAIMER OF WARRANTY AND LIMITATION OF LIABILITY<\/strong><\/p>\n\n\n\n<p>L\u0103pt\u0103ria&nbsp;cu Caimac \u2013 Agroserv M\u0103riu\u021ba SRL guarantees that it has accepted these Terms in accordance with the legal requirements and that it has the legal capacity to do so. You guarantee that you have accepted these Terms in accordance with the legal requirements and that you have the legal capacity to do so.<\/p>\n\n\n\n<p><strong>THE USE OF THE WEBSITES IS AT YOUR OWN RISK.<\/strong><\/p>\n\n\n\n<p>You agree that L\u0103pt\u0103ria&nbsp;cu Caimac \u2013 Agroserv M\u0103riu\u021ba SRL will under no circumstances be responsible for any kind of damages, including direct, indirect, special, incidental, contingent, consequential, or punitive damages (including, without limitation, substitute services, loss of use of data or interruption of activity) caused in any way in connection with these terms and conditions or resulting from contractual civil liability, strict liability, tort liability or any other claim, request or damages of any kind resulting from or in relation to your use of L\u0103pt\u0103ria cu Caimac-Agroserv M\u0103riu\u021ba SRL websites. The limitation of liability above will not apply to the extent that this is prohibited by applicable law.<\/p>\n\n\n\n<p><strong>You acknowledge and agree that the above limitations of liability together with other provisions of these Terms limiting liability are essential terms and that L\u0103pt\u0103ria cu Caimac-Agroserv M\u0103riu\u021ba SRL will grant you the rights provided in the present terms subject to the acceptance of the above limitation of liability.<\/strong><\/p>\n\n\n\n<p><strong>9. INDEMNIFICATION<\/strong><\/p>\n\n\n\n<p>You agree to indemnify and hold harmless L\u0103pt\u0103ria cu Caimac-Agroserv M\u0103riu\u021ba SRL and its officers, directors, employees and agents against all losses, liabilities, current or pending complaints, court actions, damages, expenses, court expenses and reasonable attorney fees incurred as a result of your use of the websites or of your violation of these Terms, third party rights or the applicable law. L\u0103pt\u0103ria cu Caimac-Agroserv M\u0103riu\u021ba SRL reserves the right, at its own expense, to assume exclusive control and defend and control any other actions that are liable to damages under these terms. In any case, no transaction can be made that would affect the rights and obligations of L\u0103pt\u0103ria cu Caimac-Agroserv M\u0103riu\u021ba SRL without the prior written consent of the company.<\/p>\n\n\n\n<p><strong>10. DISPUTE SETTLEMENT<\/strong><\/p>\n\n\n\n<p>These Terms shall be governed, construed and applied in accordance with the laws applicable in the European Union and on the territory of Romania.<\/p>\n\n\n\n<p>Any dispute between you and its agents, employees, managers, directors, officers, successors, transferees, subsidiaries or affiliates (together, under this section [11], \u201cL\u0103pt\u0103ria cu Caimac-Agroserv M\u0103riu\u021ba SRL parties\u201d) arising from or in relation to these Terms and their interpretation or the breach, termination or validity thereof, including any dispute relating to validity or scope of this agreement (together, \u201c<strong>Disputes covered by these Terms<\/strong>\u201d) shall be settled amicably or by the lawful authorities on the territory of Romania.<\/p>\n\n\n\n<p><strong>TERMINATION<\/strong><\/p>\n\n\n\n<p>These Terms shall be terminated automatically when a violation of the terms and conditions herein occurs. L\u0103pt\u0103ria cu Caimac-Agroserv M\u0103riu\u021ba SRL may interrupt or change your access to L\u0103pt\u0103ria cu Caimac-Agroserv M\u0103riu\u021ba SRL websites, with or without notice, at any time and for any reason. For example, access to L\u0103pt\u0103ria cu Caimac-Agroserv M\u0103riu\u021ba SRL websites may be prohibited without notice if L\u0103pt\u0103ria cu Caimac-Agroserv M\u0103riu\u021ba SRL believes you are not at least 13 years of age.<\/p>\n\n\n\n<p>Termination will not invalidate any other rights or remedies to which L\u0103pt\u0103ria cu Caimac-Agroserv M\u0103riu\u021ba SRL may be entitled. This section [11], together with sections [3, 8, 9, 10 and 15], shall survive the termination of these Terms.<\/p>\n\n\n\n<p><strong>11. JURISDICTION; TAXES<\/strong><\/p>\n\n\n\n<p>You are responsible for complying with all applicable laws. L\u0103pt\u0103ria cu Caimac-Agroserv M\u0103riu\u021ba SRL reserves the right to limit the availability of L\u0103pt\u0103ria cu Caimac-Agroserv M\u0103riu\u021ba SRL websites and\/or of L\u0103pt\u0103ria cu Caimac-Agroserv M\u0103riu\u021ba SRL content to any person or geographical region at any time. Any software on L\u0103pt\u0103ria cu Caimac-Agroserv M\u0103riu\u021ba SRL websites is subject to export controls from the European Union.<\/p>\n\n\n\n<p><strong>12. MISCELLANEOUS<\/strong><\/p>\n\n\n\n<ol class=\"wp-block-list\"><li>These Terms, together with our&nbsp;<strong>Privacy Policy<\/strong>, include the entire understanding between you and L\u0103pt\u0103ria cu Caimac-Agroserv M\u0103riu\u021ba SRL regarding the subject thereof and there are no undertakings, clauses or commitments other than those expressly provided therein.<\/li><li>These Terms (i) shall be binding upon and inure to benefit of L\u0103pt\u0103ria cu Caimac-Agroserv M\u0103riu\u021ba SRL and you, and your successors and transferees, respectively; and (ii) may be assigned by L\u0103pt\u0103ria cu Caimac-Agroserv M\u0103riu\u021ba SRL while you can do so only with the prior written consent of L\u0103pt\u0103ria cu Caimac-Agroserv M\u0103riu\u021ba SRL.<\/li><li>If any of the provisions of these Terms becomes null or ineffective, the remaining provisions will continue to apply, producing the same effects as if such null or ineffective provision had never been introduced in these Terms.<\/li><li>In the event that you or L\u0103pt\u0103ria cu Caimac-Agroserv M\u0103riu\u021ba SRL fail to comply with any of the provisions herein and the other party fails to enforce the performance of such provision, the failure to enforce performance shall not constitute a waiver of any provision and shall not prevent its subsequent enforcement.<\/li><li>Nothing in these Terms will entitle you or L\u0103pt\u0103ria cu Caimac-Agroserv M\u0103riu\u021ba SRL to act as agent or representative of the other party or as a joint venture or partner.<\/li><li>If you or L\u0103pt\u0103ria cu Caimac-Agroserv M\u0103riu\u021ba SRL are prevented from or unable to fulfil any obligation under these Terms by any cause beyond the reasonable control of the party claiming this provision, the execution by the affected party will be extended for the period of delay or inability to perform on account of such a situation.<\/li><li>The titles and legends included in this document are used for legibility only.<\/li><\/ol>\n\n\n\n<p>For more information please&nbsp;<a href=\"mailto:lcc@milkfarm.eu\">contact us.<\/a><\/p>\n","protected":false},"excerpt":{"rendered":"<p>Website Terms of Use Welcome! The following Terms of Use and our Privacy Policy on www.laptariacucaimac.ro describe the terms and conditions under which L\u0103pt\u0103ria&nbsp;cu Caimac \u2013 Agroserv M\u0103riu\u021ba SRL provides access to its websites. Before accessing and using this website, please read these Terms carefully as they represent an agreement between you and L\u0103pt\u0103ria&nbsp;cu Caimac [&hellip;]<\/p>\n","protected":false},"author":1,"featured_media":0,"parent":0,"menu_order":0,"comment_status":"closed","ping_status":"closed","template":"","meta":{"_acf_changed":false,"inline_featured_image":false,"footnotes":""},"class_list":["post-3122","page","type-page","status-publish","hentry"],"acf":[],"_links":{"self":[{"href":"https:\/\/laptariacucaimac.ro\/en\/wp-json\/wp\/v2\/pages\/3122","targetHints":{"allow":["GET"]}}],"collection":[{"href":"https:\/\/laptariacucaimac.ro\/en\/wp-json\/wp\/v2\/pages"}],"about":[{"href":"https:\/\/laptariacucaimac.ro\/en\/wp-json\/wp\/v2\/types\/page"}],"author":[{"embeddable":true,"href":"https:\/\/laptariacucaimac.ro\/en\/wp-json\/wp\/v2\/users\/1"}],"replies":[{"embeddable":true,"href":"https:\/\/laptariacucaimac.ro\/en\/wp-json\/wp\/v2\/comments?post=3122"}],"version-history":[{"count":2,"href":"https:\/\/laptariacucaimac.ro\/en\/wp-json\/wp\/v2\/pages\/3122\/revisions"}],"predecessor-version":[{"id":3127,"href":"https:\/\/laptariacucaimac.ro\/en\/wp-json\/wp\/v2\/pages\/3122\/revisions\/3127"}],"wp:attachment":[{"href":"https:\/\/laptariacucaimac.ro\/en\/wp-json\/wp\/v2\/media?parent=3122"}],"curies":[{"name":"wp","href":"https:\/\/api.w.org\/{rel}","templated":true}]}}