{"id":3118,"date":"2021-08-16T14:15:32","date_gmt":"2021-08-16T14:15:32","guid":{"rendered":"https:\/\/laptariacucaimac.ro\/politica-de-cookie-uri\/"},"modified":"2021-08-16T14:44:47","modified_gmt":"2021-08-16T14:44:47","slug":"cookie-policy","status":"publish","type":"page","link":"https:\/\/laptariacucaimac.ro\/en\/cookie-policy\/","title":{"rendered":"Cookie Policy"},"content":{"rendered":"\n<p><strong>What are cookies and how do we use them?<\/strong><\/p>\n\n\n\n<p>\u201cCookies\u201d are data files that a website sends to your computer while browsing the website. These data files include information that enable our website to retain information that will facilitate and optimize your use of the website. Our websites use cookies for a variety of purposes. We use the cookie technology and IP addresses to get information from our online visitors, and to provide registered visitors with the best customized online experience.<\/p>\n\n\n\n<p>Visitors on our websites use various web browsers and computers. To make your visits as easy as possible based on the technology you use, we automatically keep track of information such as the browser type (e.g., Internet Explorer) and operating system (e.g. Windows, Mac) that a visitor uses, as well as the domain name of the visitor\u2019s internet provider. We also keep track of the total number of visitors on our websites in aggregate form for updating and improving our websites. This information tells us if more visitors prefer certain features or areas to the detriment of others, which helps us keep our website up to date and interesting for most of our visitors.<\/p>\n\n\n\n<p><strong>How do we use cookies to personalize your experience on our websites?<\/strong><\/p>\n\n\n\n<p>The cookie technology helps us deliver personalized content based on the interests of visitors and enables us to facilitate the ordering of products, sign up and participation in promotional lotteries and contests, and offer visitors other features on our website. Websites that offer online shopping services use cookies to store and process items in your shopping cart. When we have your permission under our communicated practices and policies, we may associate personal information with a cookie in such situations.<\/p>\n\n\n\n<p><strong>Do third parties use cookies on our website?<\/strong><\/p>\n\n\n\n<p>Third parties may have our permission to use cookies and advertise on our websites. We do not control third-party cookies. There are free downloadable programs that allow you to set your preferences and block the vast majority of third-party cookies on the Internet.<\/p>\n\n\n\n<p><strong>Different types of cookies we use<\/strong><\/p>\n\n\n\n<p>The cookies we use are based on the International Chamber of Commerce\u2019s guidelines for cookie categories: strictly necessary, performance, functionality and targeting.<\/p>\n\n\n\n<p><strong>\u201cStrictly necessary\u201d cookies<\/strong>&nbsp;allow you to browse the website and use key features such as secured areas, shopping carts and online billing. These cookies do not collect information about you that could be used for marketing purposes or to record your activity on the Internet. We use these strictly necessary cookies to<\/p>\n\n\n\n<ul class=\"wp-block-list\"><li><strong>Retain information such as those you entered in the order forms when browsing different pages in a single browsing session<\/strong><\/li><li><strong>Retain the goods and services you ordered when you access the payment page<\/strong><\/li><li><strong>Identify you when you connect to a L\u0103pt\u0103ria&nbsp;cu Caimac website<\/strong><\/li><li><strong>Make sure you sign in to the right service on our website when we make any changes to how the website works<\/strong><\/li><\/ul>\n\n\n\n<p>The cookies we have defined as \u201cstrictly necessary\u201d cookies will&nbsp;<strong>NOT<\/strong>&nbsp;be used to<\/p>\n\n\n\n<ul class=\"wp-block-list\"><li><strong>Collect information that could be used to promote products or services to you<\/strong><\/li><li><strong>Retain your preferences or username after ending your current visit<\/strong><\/li><\/ul>\n\n\n\n<p><strong>\u201cPerformance\u201d cookies<\/strong>&nbsp;collect information about how you use our website, such as the pages you visit, and whether you encounter any errors. These cookies do not collect any information that can identify you \u2013 all information collected is anonymous and is used only to help us improve our website\u2019s functioning, understand what our users are interested in, and measure how effective our advertising is. We use \u201cperformance\u201d cookies to<\/p>\n\n\n\n<ul class=\"wp-block-list\"><li><strong>Provide statistics on how our website is used<\/strong><\/li><li><strong>See how effective our ads are (we do not use this information to target ads to you when you visit other websites)<\/strong><\/li><li><strong>Improve our website by measuring errors that may occur<\/strong><\/li><li><strong>Test different draft versions of our website<\/strong><\/li><\/ul>\n\n\n\n<p>The cookies we have defined as \u201cperformance\u201d cookies will&nbsp;<strong>NOT<\/strong>&nbsp;be used to<\/p>\n\n\n\n<ul class=\"wp-block-list\"><li><strong>Collect information that could be used to promote products or services to you on other websites<\/strong><\/li><li><strong>Retain your preferences or username after ending your current visit<\/strong><\/li><li><strong>Target ads to you on any other website<\/strong><\/li><\/ul>\n\n\n\n<p><strong>\u201cFunctionality cookies\u201d<\/strong>&nbsp;are used to provide services or to remember settings to improve your visit. We use \u201cfunctionality\u201d cookies to<\/p>\n\n\n\n<ul class=\"wp-block-list\"><li><strong>Remember the settings you have applied, such as layout, text size, preferences, and colours<\/strong><\/li><li><strong>Remember if we have already asked you if you wanted to fill out a questionnaire<\/strong><\/li><li><strong>Show you when you are connected to our website<\/strong><\/li><li><strong>Share information with our partners to provide a service on our website. Shared information will only be used to provide the service, product or functionality and for no other purpose<\/strong><\/li><\/ul>\n\n\n\n<p>The cookies we have defined as \u201cfunctionality\u201d cookies will&nbsp;<strong>NOT<\/strong>&nbsp;be used to<\/p>\n\n\n\n<ul class=\"wp-block-list\"><li><strong>Target ads on other websites to you<\/strong><\/li><\/ul>\n\n\n\n<p><strong>\u201cTargeting\u201d cookies<\/strong>&nbsp;are related to third-party services such as the \u201cLike\u201d and \u201cShare\u201d buttons. The third party provides these services in exchange for the acknowledgment that you have visited our website. We use \u201ctargeting\u201d cookies to<\/p>\n\n\n\n<ul class=\"wp-block-list\"><li><strong>Connect with social networks such as Facebook, who can later use your visit information to target ads to you on other websites<\/strong><\/li><li><strong>Provide advertisers with information about your visit so that they can show you ads that might interest you<\/strong><\/li><\/ul>\n\n\n\n<p><strong>What are web beacons and how do we use them?<\/strong><\/p>\n\n\n\n<p>Some of our webpages and e-mail updates may contain electronic images called \u201cweb beacons\u201d, also known as pixel GIFs, transparent GIFs, or pixel tags. On websites, they allow us to count visitors who have viewed our pages. In e-mail messages\/promotional newsletters, web beacons allow us to count the number of subscribers who have read them. Web beacons allow us to develop statistical information about activities and features of primary interest for consumers to provide more personalized content. Web beacons are not used to access your personal information without your consent.<\/p>\n\n\n\n<p><strong>How can you opt-out of cookies?<\/strong><\/p>\n\n\n\n<p>Set your browser to reject cookies<\/p>\n\n\n\n<p>If you do not want cookies, you can set your computer to alert you whenever a cookie is sent or to stop all cookies through your browser (e.g. Internet Explorer or Firefox). Search the browser HELP menu to find out how to modify or update cookies correctly.<\/p>\n\n\n\n<p>Please note that the restriction of cookies may have an impact on the functionality of&nbsp;<a href=\"http:\/\/www.laptariacucaimac.ro\/\">www.laptariacucaimac.ro<\/a>&nbsp;website.<\/p>\n\n\n\n<p><strong>Ce sunt modulele cookie \u0219i cum le utiliz\u0103m?<\/strong><\/p>\n\n\n\n<p>\u201eModulele cookie\u201d sunt fi\u0219iere de date pe care un site web le trimite pe computerul dumneavoastr\u0103 \u00een timpul vizion\u0103rii site-ului. Aceste fi\u0219iere de date includ informa\u021bii care ofer\u0103 site-ului nostru posibilitatea de a re\u021bine informa\u021bii care vor facilita \u0219i eficientiza utilizarea site-ului de c\u0103tre dumneavoastr\u0103. Site-urile noastre utilizeaz\u0103 module cookie \u00eentr-o varietate de scopuri. Folosim tehnologia cookie \u0219i adresele IP pentru a ob\u021bine informa\u021bii de la vizitatori online, precum \u0219i pentru a oferi vizitatorilor \u00eenregistra\u021bi cea mai bun\u0103 experien\u021b\u0103 personalizat\u0103 online.<\/p>\n\n\n\n<p>Vizitatorii pe site-urile noastre folosesc browsere web \u0219i computere diferite. Pentru a facilita c\u00e2t mai mult vizitele dumneavoastr\u0103 \u00een func\u021bie de tehnologia pe care o utiliza\u021bi, \u021binem automat eviden\u021ba informa\u021biilor precum tipul de browser (de ex., Internet Explorer) \u0219i sistemul de operare (de ex. Windows, Mac) utilizate de vizitator, precum \u0219i numele de domeniu al furnizorului de internet al vizitatorului. De asemenea, \u021binem eviden\u021ba num\u0103rului total de vizitatori pe site-urile noastre \u00een form\u0103 agregat\u0103 pentru actualizarea \u0219i \u00eembun\u0103t\u0103\u021birea site-urilor noastre. Aceste informa\u021bii ne indic\u0103 dac\u0103 mai mul\u021bi vizitatori prefer\u0103 anumite caracteristici sau zone \u00een defavoarea altora, fapt care ne ajut\u0103 s\u0103 men\u021binem site-ul la zi \u0219i interesant pentru majoritatea vizitatorilor no\u0219tri.<\/p>\n\n\n\n<p><strong>Cum utiliz\u0103m modulele cookie pentru a personaliza experien\u021ba dumneavoastr\u0103 pe site-urile noastre?<\/strong><\/p>\n\n\n\n<p>Tehnologia cookie ne ajut\u0103 s\u0103 furniz\u0103m con\u021binut personalizat \u00een func\u021bie de interesele vizitatorilor \u0219i ne permite s\u0103 facilit\u0103m procesul de comandare a produselor, \u00eenscrierea \u0219i participarea la loterii promo\u021bionale \u0219i concursuri, \u0219i oferirea de alte func\u021bii pe site-ul nostru pentru vizitatori. Site-urile care ofer\u0103 servicii de cump\u0103r\u0103turi online folosesc modulele cookie pentru a re\u021bine \u0219i procesa elementele din co\u0219ul dumneavoastr\u0103 de cump\u0103r\u0103turi. Atunci c\u00e2nd avem permisiunea conform practicilor \u0219i politicilor noastre comunicate, putem asocia informa\u021biile cu caracter personal cu un fi\u0219ier cookie \u00een astfel de situa\u021bii.<\/p>\n\n\n\n<p><strong>Utilizeaz\u0103 ter\u021bii module cookies pe site-ul nostru?<\/strong><\/p>\n\n\n\n<p>Ter\u021bii pot avea permisiunea noastr\u0103 de a utiliza module cookie \u0219i de a publica reclame pe site-urile noastre. Noi nu control\u0103m modulele cookie ale ter\u021bilor. Exist\u0103 programe gratuite pe care le pute\u021bi desc\u0103rca \u0219i care v\u0103 permit s\u0103 v\u0103 seta\u021bi preferin\u021bele \u0219i s\u0103 bloca\u021bi marea majoritate a modulelor cookie de la ter\u021bi pe Internet.<\/p>\n\n\n\n<p><strong>Diferite tipuri de module cookie utilizate de noi<\/strong><\/p>\n\n\n\n<p>Modulele cookie utilizate de noi se bazeaz\u0103 pe ghidul Camerei Interna\u021bionale de Comer\u021b pentru categoriile de module cookie: strict necesare, de performan\u021b\u0103, privind func\u021bionalitatea \u0219i de direc\u021bionare.<\/p>\n\n\n\n<p><strong>Modulele cookie \u201estrict necesare\u201d<\/strong>&nbsp;v\u0103 permit s\u0103 naviga\u021bi pe site-ul web \u0219i s\u0103 utiliza\u021bi caracteristici esen\u021biale, precum zone securizate, co\u0219uri de cump\u0103r\u0103turi \u0219i facturare online. Aceste module cookie nu colecteaz\u0103 informa\u021bii despre dumneavoastr\u0103 care ar putea fi folosite \u00een scopuri de marketing sau pentru a \u00eenregistra activitatea dumneavoastr\u0103 pe internet. Noi folosim aceste module cookie strict necesare pentru<\/p>\n\n\n\n<ul class=\"wp-block-list\"><li><strong>A re\u021bine informa\u021bii precum cele pe care le-a\u021bi introdus \u00een formularele de comand\u0103 atunci c\u00e2nd naviga\u021bi la pagini diferite \u00eentr-o singur\u0103 sesiune de navigare<\/strong><\/li><li><strong>A re\u021bine bunurile \u0219i serviciile pe care le-a\u021bi comandat atunci c\u00e2nd accesa\u021bi pagina de plat\u0103<\/strong><\/li><li><strong>A v\u0103 identifica atunci c\u00e2nd v\u0103 conecta\u021bi la un site web Laptaria cu Caimac<\/strong><\/li><li><strong>A ne asigura c\u0103 v\u0103 conecta\u021bi la serviciul potrivit de pe site-ul nostru atunci c\u00e2nd oper\u0103m orice modific\u0103ri la modul de func\u021bionare a site-ului<\/strong><\/li><\/ul>\n\n\n\n<p>Modulele cookie pe care le-am definit ca module cookie \u201estrict necesare\u201d&nbsp;<strong>NU<\/strong>&nbsp;vor fi folosite pentru<\/p>\n\n\n\n<ul class=\"wp-block-list\"><li><strong>A colecta informa\u021bii care ar putea fi folosite pentru promovarea produselor sau serviciilor c\u0103tre dumneavoastr\u0103<\/strong><\/li><li><strong>A re\u021bine preferin\u021bele dumneavoastr\u0103 sau numele de utilizator dup\u0103 ce \u00eencheia\u021bi vizita dumneavoastr\u0103 curent\u0103<\/strong><\/li><\/ul>\n\n\n\n<p><strong>Modulele cookie \u201ede performan\u021b\u0103\u201d<\/strong>&nbsp;colecteaz\u0103 informa\u021bii despre modul \u00een care utiliza\u021bi site-ul nostru, de exemplu paginile pe care le vizita\u021bi, precum \u0219i dac\u0103 \u00eent\u00e2mpina\u021bi orice erori. Aceste module cookie nu colecteaz\u0103 nicio informa\u021bie care ar putea s\u0103 v\u0103 identifice \u2013 toate informa\u021biile colectate sunt anonime \u0219i sunt utilizate doar pentru a ne ajuta s\u0103 \u00eembun\u0103t\u0103\u021bim modul \u00een care func\u021bioneaz\u0103 site-ul nostru, s\u0103 \u00een\u021belegem ce \u00eei intereseaz\u0103 pe utilizatorii no\u0219tri \u0219i s\u0103 m\u0103sur\u0103m c\u00e2t de eficient\u0103 este publicitatea noastr\u0103. Noi folosim module cookie \u201ede performan\u021b\u0103\u201d pentru<\/p>\n\n\n\n<ul class=\"wp-block-list\"><li><strong>A furniza statistici cu privire la modul \u00een care este folosit site-ul nostru<\/strong><\/li><li><strong>A vedea c\u00e2t de eficiente sunt reclamele noastre (nu folosim aceste informa\u021bii pentru a direc\u021biona reclame c\u0103tre dumneavoastr\u0103 atunci c\u00e2nd vizita\u021bi alte site-uri)<\/strong><\/li><li><strong>A \u00eembun\u0103t\u0103\u021bi site-ul prin m\u0103surarea erorilor care pot ap\u0103rea<\/strong><\/li><li><strong>A testa diferite proiecte ale site-ului nostru<\/strong><\/li><\/ul>\n\n\n\n<p>Modulele cookie pe care le-am definit ca module cookie \u201ede performan\u021b\u0103\u201d&nbsp;<strong>NU<\/strong>&nbsp;vor fi folosite pentru<\/p>\n\n\n\n<ul class=\"wp-block-list\"><li><strong>A colecta informa\u021bii care ar putea fi folosite pentru promovarea produselor sau serviciilor c\u0103tre dumneavoastr\u0103 pe alte site-uri web<\/strong><\/li><li><strong>A re\u021bine preferin\u021bele dumneavoastr\u0103 sau numele de utilizator dup\u0103 ce \u00eencheia\u021bi vizita dumneavoastr\u0103 curent\u0103<\/strong><\/li><li><strong>A direc\u021biona reclame c\u0103tre dumneavoastr\u0103 pe orice alt site web<\/strong><\/li><\/ul>\n\n\n\n<p><strong>Modulele cookie \u201eprivind func\u021bionalitatea\u201d<\/strong>&nbsp;sunt folosite pentru a furniza servicii sau pentru a re\u021bine set\u0103ri \u00een vederea \u00eembun\u0103t\u0103\u021birii vizitei dumneavoastr\u0103. Noi folosim module cookie \u201eprivind func\u021bionalitatea\u201d pentru<\/p>\n\n\n\n<ul class=\"wp-block-list\"><li><strong>A re\u021bine set\u0103rile pe care le-a\u021bi aplicat, precum aspect, dimensiunea textului, preferin\u021be \u0219i culori<\/strong><\/li><li><strong>A re\u021bine dac\u0103 v-am \u00eentrebat deja dac\u0103 dori\u021bi s\u0103 completa\u021bi un chestionar<\/strong><\/li><li><strong>A v\u0103 ar\u0103ta c\u00e2nd sunte\u021bi conectat la site-ul nostru<\/strong><\/li><li><strong>A partaja informa\u021bii cu partenerii pentru a oferi un serviciu pe site-ul nostru. Informa\u021biile partajate vor fi utilizate numai pentru a furniza serviciul, produsul sau func\u021bia \u0219i \u00een niciun alt scop<\/strong><\/li><\/ul>\n\n\n\n<p>Modulele cookie definite ca module cookie \u201eprivind func\u021bionalitatea\u201d&nbsp;<strong>NU<\/strong>&nbsp;vor fi folosite pentru<\/p>\n\n\n\n<ul class=\"wp-block-list\"><li><strong>A direc\u021biona c\u0103tre dumneavoastr\u0103 reclame pe alte site-uri web<\/strong><\/li><\/ul>\n\n\n\n<p><strong>Modulele cookie \u201ede direc\u021bionare\u201d<\/strong>&nbsp;sunt legate de servicii prestate de ter\u021bi, cum ar fi butoanele \u201e\u00cemi place\u201d \u0219i butoanele \u201eDistribuie\u201d. Ter\u021bul furnizeaz\u0103 aceste servicii \u00een schimbul recunoa\u0219terii c\u0103 a\u021bi vizitat site-ul nostru. Noi folosim module cookie \u201ede direc\u021bionare\u201d pentru<\/p>\n\n\n\n<ul class=\"wp-block-list\"><li><strong>A ne conecta cu re\u021bele sociale precum Facebook, care pot utiliza ulterior informa\u021biile referitoare la vizita dumneavoastr\u0103 pentru a direc\u021biona reclame c\u0103tre dumneavoastr\u0103 pe alte site-uri<\/strong><\/li><li><strong>A furniza agen\u021biilor de publicitate informa\u021bii referitoare la vizita dumneavoastr\u0103, astfel \u00eenc\u00e2t acestea s\u0103 v\u0103 poat\u0103 prezenta reclame care v-ar putea interesa<\/strong><\/li><\/ul>\n\n\n\n<p><strong>Ce sunt semnalizatoarele web \u0219i cum le utiliz\u0103m?<\/strong><\/p>\n\n\n\n<p>Unele dintre paginile noastre web \u0219i actualiz\u0103rile prin e-mail pot con\u021bine imagini electronice denumite \u201esemnalizatoare web\u201d, cunoscute \u0219i ca fi\u0219iere GIF de un pixel, fi\u0219iere GIF transparente sau etichete pixel. Pe site-uri, acestea ne permit contorizarea vizitatorilor care au vizualizat paginile noastre. \u00cen mesajele e-mail\/buletinele informative promo\u021bionale, semnalizatoarele web ne permit s\u0103 contoriz\u0103m num\u0103rul abona\u021bilor care le-au citit. Semnalizatoarele web ne permit s\u0103 dezvolt\u0103m informa\u021biile statistice despre activit\u0103\u021bile \u0219i caracteristicile de interes primordial pentru consumatori \u00een vederea furniz\u0103rii de con\u021binut mai personalizat. Semnalizatoarele web nu sunt utilizate pentru accesarea informa\u021biilor dumneavoastr\u0103 cu caracter personal f\u0103r\u0103 consim\u021b\u0103m\u00e2ntul dumneavoastr\u0103.<\/p>\n\n\n\n<p><strong>Cum pute\u021bi renun\u021ba la modulele cookie?<\/strong><\/p>\n\n\n\n<p>Setarea browser-ului dumneavoastr\u0103 s\u0103 resping\u0103 modulele cookie<\/p>\n\n\n\n<p>Dac\u0103 nu dori\u021bi modulele cookie, pute\u021bi seta computerul s\u0103 v\u0103 avertizeze de fiecare dat\u0103 c\u00e2nd un modul cookie este trimis sau s\u0103 opreasc\u0103 toate modulele cookie prin intermediul browser-ului dumneavoastr\u0103 (de ex. Internet Explorer sau Firefox). C\u0103uta\u021bi \u00een meniul de AJUTOR al browser-ului pentru a afla modalitatea corect\u0103 de modificare sau actualizare a modulelor cookie.<\/p>\n\n\n\n<p>V\u0103 rug\u0103m s\u0103 re\u021bine\u021bi c\u0103 restric\u021bionarea modulelor cookie poate avea un impact asupra func\u021bionalit\u0103\u021bii site-ului&nbsp;<a href=\"http:\/\/www.laptariacucaimac.ro\/\">www.laptariacucaimac.ro<\/a>.<\/p>\n","protected":false},"excerpt":{"rendered":"<p>What are cookies and how do we use them? \u201cCookies\u201d are data files that a website sends to your computer while browsing the website. These data files include information that enable our website to retain information that will facilitate and optimize your use of the website. Our websites use cookies for a variety of purposes. [&hellip;]<\/p>\n","protected":false},"author":1,"featured_media":0,"parent":0,"menu_order":0,"comment_status":"closed","ping_status":"closed","template":"","meta":{"_acf_changed":false,"inline_featured_image":false,"footnotes":""},"class_list":["post-3118","page","type-page","status-publish","hentry"],"acf":[],"_links":{"self":[{"href":"https:\/\/laptariacucaimac.ro\/en\/wp-json\/wp\/v2\/pages\/3118","targetHints":{"allow":["GET"]}}],"collection":[{"href":"https:\/\/laptariacucaimac.ro\/en\/wp-json\/wp\/v2\/pages"}],"about":[{"href":"https:\/\/laptariacucaimac.ro\/en\/wp-json\/wp\/v2\/types\/page"}],"author":[{"embeddable":true,"href":"https:\/\/laptariacucaimac.ro\/en\/wp-json\/wp\/v2\/users\/1"}],"replies":[{"embeddable":true,"href":"https:\/\/laptariacucaimac.ro\/en\/wp-json\/wp\/v2\/comments?post=3118"}],"version-history":[{"count":3,"href":"https:\/\/laptariacucaimac.ro\/en\/wp-json\/wp\/v2\/pages\/3118\/revisions"}],"predecessor-version":[{"id":3126,"href":"https:\/\/laptariacucaimac.ro\/en\/wp-json\/wp\/v2\/pages\/3118\/revisions\/3126"}],"wp:attachment":[{"href":"https:\/\/laptariacucaimac.ro\/en\/wp-json\/wp\/v2\/media?parent=3118"}],"curies":[{"name":"wp","href":"https:\/\/api.w.org\/{rel}","templated":true}]}}