{"id":2896,"date":"2021-08-06T13:59:06","date_gmt":"2021-08-06T13:59:06","guid":{"rendered":"https:\/\/laptariacucaimac.ro\/?page_id=2896"},"modified":"2021-08-06T13:59:06","modified_gmt":"2021-08-06T13:59:06","slug":"investors-content","status":"publish","type":"page","link":"https:\/\/laptariacucaimac.ro\/en\/investors-content\/","title":{"rendered":"Investors Content"},"content":{"rendered":"\n\n<p>EVERGENT Investments acquired a 5.1126% stake in Agroserv M\u0103riu\u021ba SA, the company that owns the dairy brand L\u0103ptaria cu Caimac, a transaction brokered by BT Capital Partners (BTCP), the investment banking and capital markets division of the Financial Group Banca Transilvania. The transaction was made at a price of 60 lei \/ share, the sellers being M\u0103d\u0103lina Cocan, one of the founders, who sold a 3.5% stake in a hill-type transaction, as well as other investors in the market.<\/p>\n\n\n\n\n\n<p>Following the acquisition of over 5% of the share capital by EVERGENT Investments, the three founders of Agroserv M\u0103riu\u0163a &#8211; M\u0103d\u0103lina Cocan, Adrian Cocan and Serban Nicu\u0219or &#8211; together hold a package of 71.6% of the company&#8217;s shares, the remaining 23.4% representing freely tradable shares.<\/p>\n\n","protected":false},"excerpt":{"rendered":"","protected":false},"author":1,"featured_media":0,"parent":0,"menu_order":0,"comment_status":"closed","ping_status":"closed","template":"","meta":{"_acf_changed":false,"inline_featured_image":false,"footnotes":""},"class_list":["post-2896","page","type-page","status-publish","hentry"],"acf":[],"_links":{"self":[{"href":"https:\/\/laptariacucaimac.ro\/en\/wp-json\/wp\/v2\/pages\/2896","targetHints":{"allow":["GET"]}}],"collection":[{"href":"https:\/\/laptariacucaimac.ro\/en\/wp-json\/wp\/v2\/pages"}],"about":[{"href":"https:\/\/laptariacucaimac.ro\/en\/wp-json\/wp\/v2\/types\/page"}],"author":[{"embeddable":true,"href":"https:\/\/laptariacucaimac.ro\/en\/wp-json\/wp\/v2\/users\/1"}],"replies":[{"embeddable":true,"href":"https:\/\/laptariacucaimac.ro\/en\/wp-json\/wp\/v2\/comments?post=2896"}],"version-history":[{"count":1,"href":"https:\/\/laptariacucaimac.ro\/en\/wp-json\/wp\/v2\/pages\/2896\/revisions"}],"predecessor-version":[{"id":2897,"href":"https:\/\/laptariacucaimac.ro\/en\/wp-json\/wp\/v2\/pages\/2896\/revisions\/2897"}],"wp:attachment":[{"href":"https:\/\/laptariacucaimac.ro\/en\/wp-json\/wp\/v2\/media?parent=2896"}],"curies":[{"name":"wp","href":"https:\/\/api.w.org\/{rel}","templated":true}]}}